{"id":942,"date":"2024-07-19T16:43:30","date_gmt":"2024-07-19T15:43:30","guid":{"rendered":"https:\/\/www.otticatoni.it\/?post_type=product&#038;p=942"},"modified":"2024-07-19T16:43:30","modified_gmt":"2024-07-19T15:43:30","slug":"piero-massaro-938319","status":"publish","type":"product","link":"https:\/\/www.otticatoni.it\/en\/prodotto\/piero-massaro-938319\/","title":{"rendered":"Piero Massaro 938(319)"},"content":{"rendered":"<p>Piero Massaro 938(319)<\/p>\n","protected":false},"excerpt":{"rendered":"<p>Piero Massaro 938(319)<\/p>\n","protected":false},"featured_media":943,"comment_status":"open","ping_status":"closed","template":"","meta":{"_acf_changed":false},"product_cat":[42],"product_tag":[],"class_list":{"0":"post-942","1":"product","2":"type-product","3":"status-publish","4":"has-post-thumbnail","6":"product_cat-piero-massaro","8":"first","9":"instock","10":"shipping-taxable","11":"purchasable","12":"product-type-simple"},"acf":[],"yoast_head":"<!-- This site is optimized with the Yoast SEO plugin v23.0 - https:\/\/yoast.com\/wordpress\/plugins\/seo\/ -->\n<title>Piero Massaro 938(319) - OTTICA TONI<\/title>\n<meta name=\"description\" content=\"Gli occhiali di Piero Massaro sono celebri per il loro design innovativo e l&#039;artigianalit\u00e0 italiana. Ogni montatura \u00e8 realizzata con materiali di alta qualit\u00e0, combinando tradizione e modernit\u00e0. I modelli si distinguono per l&#039;uso audace dei colori e le forme uniche, che conferiscono carattere e stile a chi li indossa. La cura nei dettagli e l&#039;attenzione alla funzionalit\u00e0 rendono questi occhiali unici e confortevoli. La collezione di Massaro \u00e8 un perfetto equilibrio tra estetica e praticit\u00e0.\" \/>\n<meta name=\"robots\" content=\"index, follow, max-snippet:-1, max-image-preview:large, max-video-preview:-1\" \/>\n<link rel=\"canonical\" href=\"https:\/\/www.otticatoni.it\/prodotto\/piero-massaro-938319\/\" \/>\n<meta property=\"og:locale\" content=\"en_US\" \/>\n<meta property=\"og:type\" content=\"article\" \/>\n<meta property=\"og:title\" content=\"Piero Massaro 938(319) - OTTICA TONI\" \/>\n<meta property=\"og:description\" content=\"Gli occhiali di Piero Massaro sono celebri per il loro design innovativo e l&#039;artigianalit\u00e0 italiana. Ogni montatura \u00e8 realizzata con materiali di alta qualit\u00e0, combinando tradizione e modernit\u00e0. I modelli si distinguono per l&#039;uso audace dei colori e le forme uniche, che conferiscono carattere e stile a chi li indossa. La cura nei dettagli e l&#039;attenzione alla funzionalit\u00e0 rendono questi occhiali unici e confortevoli. La collezione di Massaro \u00e8 un perfetto equilibrio tra estetica e praticit\u00e0.\" \/>\n<meta property=\"og:url\" content=\"https:\/\/www.otticatoni.it\/prodotto\/piero-massaro-938319\/\" \/>\n<meta property=\"og:site_name\" content=\"OTTICA TONI\" \/>\n<meta property=\"article:publisher\" content=\"https:\/\/www.facebook.com\/otticatoni\/\" \/>\n<meta property=\"og:image\" content=\"https:\/\/www.otticatoni.it\/wp-content\/uploads\/2024\/07\/938-319.png\" \/>\n\t<meta property=\"og:image:width\" content=\"1092\" \/>\n\t<meta property=\"og:image:height\" content=\"1456\" \/>\n\t<meta property=\"og:image:type\" content=\"image\/png\" \/>\n<meta name=\"twitter:card\" content=\"summary_large_image\" \/>\n<meta name=\"twitter:label1\" content=\"Est. reading time\" \/>\n\t<meta name=\"twitter:data1\" content=\"1 minute\" \/>\n<script type=\"application\/ld+json\" class=\"yoast-schema-graph\">{\"@context\":\"https:\/\/schema.org\",\"@graph\":[{\"@type\":\"WebPage\",\"@id\":\"https:\/\/www.otticatoni.it\/prodotto\/piero-massaro-938319\/\",\"url\":\"https:\/\/www.otticatoni.it\/prodotto\/piero-massaro-938319\/\",\"name\":\"Piero Massaro 938(319) - OTTICA TONI\",\"isPartOf\":{\"@id\":\"https:\/\/www.otticatoni.it\/#website\"},\"primaryImageOfPage\":{\"@id\":\"https:\/\/www.otticatoni.it\/prodotto\/piero-massaro-938319\/#primaryimage\"},\"image\":{\"@id\":\"https:\/\/www.otticatoni.it\/prodotto\/piero-massaro-938319\/#primaryimage\"},\"thumbnailUrl\":\"https:\/\/www.otticatoni.it\/wp-content\/uploads\/2024\/07\/938-319.png\",\"datePublished\":\"2024-07-19T15:43:30+00:00\",\"dateModified\":\"2024-07-19T15:43:30+00:00\",\"description\":\"Gli occhiali di Piero Massaro sono celebri per il loro design innovativo e l'artigianalit\u00e0 italiana. Ogni montatura \u00e8 realizzata con materiali di alta qualit\u00e0, combinando tradizione e modernit\u00e0. I modelli si distinguono per l'uso audace dei colori e le forme uniche, che conferiscono carattere e stile a chi li indossa. La cura nei dettagli e l'attenzione alla funzionalit\u00e0 rendono questi occhiali unici e confortevoli. La collezione di Massaro \u00e8 un perfetto equilibrio tra estetica e praticit\u00e0.\",\"breadcrumb\":{\"@id\":\"https:\/\/www.otticatoni.it\/prodotto\/piero-massaro-938319\/#breadcrumb\"},\"inLanguage\":\"en-US\",\"potentialAction\":[{\"@type\":\"ReadAction\",\"target\":[\"https:\/\/www.otticatoni.it\/prodotto\/piero-massaro-938319\/\"]}]},{\"@type\":\"ImageObject\",\"inLanguage\":\"en-US\",\"@id\":\"https:\/\/www.otticatoni.it\/prodotto\/piero-massaro-938319\/#primaryimage\",\"url\":\"https:\/\/www.otticatoni.it\/wp-content\/uploads\/2024\/07\/938-319.png\",\"contentUrl\":\"https:\/\/www.otticatoni.it\/wp-content\/uploads\/2024\/07\/938-319.png\",\"width\":1092,\"height\":1456},{\"@type\":\"BreadcrumbList\",\"@id\":\"https:\/\/www.otticatoni.it\/prodotto\/piero-massaro-938319\/#breadcrumb\",\"itemListElement\":[{\"@type\":\"ListItem\",\"position\":1,\"name\":\"Home\",\"item\":\"https:\/\/www.otticatoni.it\/en\/home\/\"},{\"@type\":\"ListItem\",\"position\":2,\"name\":\"Shop\",\"item\":\"https:\/\/www.otticatoni.it\/en\/shop\/\"},{\"@type\":\"ListItem\",\"position\":3,\"name\":\"Piero Massaro 938(319)\"}]},{\"@type\":\"WebSite\",\"@id\":\"https:\/\/www.otticatoni.it\/#website\",\"url\":\"https:\/\/www.otticatoni.it\/\",\"name\":\"OTTICA TONI\",\"description\":\"Il negozio di ottica a Lucca\",\"publisher\":{\"@id\":\"https:\/\/www.otticatoni.it\/#organization\"},\"potentialAction\":[{\"@type\":\"SearchAction\",\"target\":{\"@type\":\"EntryPoint\",\"urlTemplate\":\"https:\/\/www.otticatoni.it\/?s={search_term_string}\"},\"query-input\":\"required name=search_term_string\"}],\"inLanguage\":\"en-US\"},{\"@type\":\"Organization\",\"@id\":\"https:\/\/www.otticatoni.it\/#organization\",\"name\":\"OTTICA TONI\",\"url\":\"https:\/\/www.otticatoni.it\/\",\"logo\":{\"@type\":\"ImageObject\",\"inLanguage\":\"en-US\",\"@id\":\"https:\/\/www.otticatoni.it\/#\/schema\/logo\/image\/\",\"url\":\"https:\/\/www.otticatoni.it\/wp-content\/uploads\/2021\/12\/logo-ottica-toni2.png\",\"contentUrl\":\"https:\/\/www.otticatoni.it\/wp-content\/uploads\/2021\/12\/logo-ottica-toni2.png\",\"width\":200,\"height\":80,\"caption\":\"OTTICA TONI\"},\"image\":{\"@id\":\"https:\/\/www.otticatoni.it\/#\/schema\/logo\/image\/\"},\"sameAs\":[\"https:\/\/www.facebook.com\/otticatoni\/\",\"https:\/\/www.instagram.com\/otticatoni\/\"]}]}<\/script>\n<!-- \/ Yoast SEO plugin. -->","yoast_head_json":{"title":"Piero Massaro 938(319) - OTTICA TONI","description":"Gli occhiali di Piero Massaro sono celebri per il loro design innovativo e l'artigianalit\u00e0 italiana. Ogni montatura \u00e8 realizzata con materiali di alta qualit\u00e0, combinando tradizione e modernit\u00e0. I modelli si distinguono per l'uso audace dei colori e le forme uniche, che conferiscono carattere e stile a chi li indossa. La cura nei dettagli e l'attenzione alla funzionalit\u00e0 rendono questi occhiali unici e confortevoli. La collezione di Massaro \u00e8 un perfetto equilibrio tra estetica e praticit\u00e0.","robots":{"index":"index","follow":"follow","max-snippet":"max-snippet:-1","max-image-preview":"max-image-preview:large","max-video-preview":"max-video-preview:-1"},"canonical":"https:\/\/www.otticatoni.it\/prodotto\/piero-massaro-938319\/","og_locale":"en_US","og_type":"article","og_title":"Piero Massaro 938(319) - OTTICA TONI","og_description":"Gli occhiali di Piero Massaro sono celebri per il loro design innovativo e l'artigianalit\u00e0 italiana. Ogni montatura \u00e8 realizzata con materiali di alta qualit\u00e0, combinando tradizione e modernit\u00e0. I modelli si distinguono per l'uso audace dei colori e le forme uniche, che conferiscono carattere e stile a chi li indossa. La cura nei dettagli e l'attenzione alla funzionalit\u00e0 rendono questi occhiali unici e confortevoli. La collezione di Massaro \u00e8 un perfetto equilibrio tra estetica e praticit\u00e0.","og_url":"https:\/\/www.otticatoni.it\/prodotto\/piero-massaro-938319\/","og_site_name":"OTTICA TONI","article_publisher":"https:\/\/www.facebook.com\/otticatoni\/","og_image":[{"width":1092,"height":1456,"url":"https:\/\/www.otticatoni.it\/wp-content\/uploads\/2024\/07\/938-319.png","type":"image\/png"}],"twitter_card":"summary_large_image","twitter_misc":{"Est. reading time":"1 minute"},"schema":{"@context":"https:\/\/schema.org","@graph":[{"@type":"WebPage","@id":"https:\/\/www.otticatoni.it\/prodotto\/piero-massaro-938319\/","url":"https:\/\/www.otticatoni.it\/prodotto\/piero-massaro-938319\/","name":"Piero Massaro 938(319) - OTTICA TONI","isPartOf":{"@id":"https:\/\/www.otticatoni.it\/#website"},"primaryImageOfPage":{"@id":"https:\/\/www.otticatoni.it\/prodotto\/piero-massaro-938319\/#primaryimage"},"image":{"@id":"https:\/\/www.otticatoni.it\/prodotto\/piero-massaro-938319\/#primaryimage"},"thumbnailUrl":"https:\/\/www.otticatoni.it\/wp-content\/uploads\/2024\/07\/938-319.png","datePublished":"2024-07-19T15:43:30+00:00","dateModified":"2024-07-19T15:43:30+00:00","description":"Gli occhiali di Piero Massaro sono celebri per il loro design innovativo e l'artigianalit\u00e0 italiana. Ogni montatura \u00e8 realizzata con materiali di alta qualit\u00e0, combinando tradizione e modernit\u00e0. I modelli si distinguono per l'uso audace dei colori e le forme uniche, che conferiscono carattere e stile a chi li indossa. La cura nei dettagli e l'attenzione alla funzionalit\u00e0 rendono questi occhiali unici e confortevoli. La collezione di Massaro \u00e8 un perfetto equilibrio tra estetica e praticit\u00e0.","breadcrumb":{"@id":"https:\/\/www.otticatoni.it\/prodotto\/piero-massaro-938319\/#breadcrumb"},"inLanguage":"en-US","potentialAction":[{"@type":"ReadAction","target":["https:\/\/www.otticatoni.it\/prodotto\/piero-massaro-938319\/"]}]},{"@type":"ImageObject","inLanguage":"en-US","@id":"https:\/\/www.otticatoni.it\/prodotto\/piero-massaro-938319\/#primaryimage","url":"https:\/\/www.otticatoni.it\/wp-content\/uploads\/2024\/07\/938-319.png","contentUrl":"https:\/\/www.otticatoni.it\/wp-content\/uploads\/2024\/07\/938-319.png","width":1092,"height":1456},{"@type":"BreadcrumbList","@id":"https:\/\/www.otticatoni.it\/prodotto\/piero-massaro-938319\/#breadcrumb","itemListElement":[{"@type":"ListItem","position":1,"name":"Home","item":"https:\/\/www.otticatoni.it\/en\/home\/"},{"@type":"ListItem","position":2,"name":"Shop","item":"https:\/\/www.otticatoni.it\/en\/shop\/"},{"@type":"ListItem","position":3,"name":"Piero Massaro 938(319)"}]},{"@type":"WebSite","@id":"https:\/\/www.otticatoni.it\/#website","url":"https:\/\/www.otticatoni.it\/","name":"OTTICA TONI","description":"Il negozio di ottica a Lucca","publisher":{"@id":"https:\/\/www.otticatoni.it\/#organization"},"potentialAction":[{"@type":"SearchAction","target":{"@type":"EntryPoint","urlTemplate":"https:\/\/www.otticatoni.it\/?s={search_term_string}"},"query-input":"required name=search_term_string"}],"inLanguage":"en-US"},{"@type":"Organization","@id":"https:\/\/www.otticatoni.it\/#organization","name":"OTTICA TONI","url":"https:\/\/www.otticatoni.it\/","logo":{"@type":"ImageObject","inLanguage":"en-US","@id":"https:\/\/www.otticatoni.it\/#\/schema\/logo\/image\/","url":"https:\/\/www.otticatoni.it\/wp-content\/uploads\/2021\/12\/logo-ottica-toni2.png","contentUrl":"https:\/\/www.otticatoni.it\/wp-content\/uploads\/2021\/12\/logo-ottica-toni2.png","width":200,"height":80,"caption":"OTTICA TONI"},"image":{"@id":"https:\/\/www.otticatoni.it\/#\/schema\/logo\/image\/"},"sameAs":["https:\/\/www.facebook.com\/otticatoni\/","https:\/\/www.instagram.com\/otticatoni\/"]}]}},"_links":{"self":[{"href":"https:\/\/www.otticatoni.it\/en\/wp-json\/wp\/v2\/product\/942","targetHints":{"allow":["GET"]}}],"collection":[{"href":"https:\/\/www.otticatoni.it\/en\/wp-json\/wp\/v2\/product"}],"about":[{"href":"https:\/\/www.otticatoni.it\/en\/wp-json\/wp\/v2\/types\/product"}],"replies":[{"embeddable":true,"href":"https:\/\/www.otticatoni.it\/en\/wp-json\/wp\/v2\/comments?post=942"}],"wp:featuredmedia":[{"embeddable":true,"href":"https:\/\/www.otticatoni.it\/en\/wp-json\/wp\/v2\/media\/943"}],"wp:attachment":[{"href":"https:\/\/www.otticatoni.it\/en\/wp-json\/wp\/v2\/media?parent=942"}],"wp:term":[{"taxonomy":"product_cat","embeddable":true,"href":"https:\/\/www.otticatoni.it\/en\/wp-json\/wp\/v2\/product_cat?post=942"},{"taxonomy":"product_tag","embeddable":true,"href":"https:\/\/www.otticatoni.it\/en\/wp-json\/wp\/v2\/product_tag?post=942"}],"curies":[{"name":"wp","href":"https:\/\/api.w.org\/{rel}","templated":true}]}}