{"id":571,"date":"2021-12-27T15:39:35","date_gmt":"2021-12-27T14:39:35","guid":{"rendered":"http:\/\/www.otticatoni.it\/about-us\/"},"modified":"2023-04-04T10:21:29","modified_gmt":"2023-04-04T09:21:29","slug":"about-us","status":"publish","type":"page","link":"https:\/\/www.otticatoni.it\/en\/about-us\/","title":{"rendered":"About us"},"content":{"rendered":"<section class=\"l-section wpb_row height_medium\"><div class=\"l-section-h i-cf\"><div class=\"g-cols vc_row via_flex valign_top type_default stacking_default\"><div class=\"vc_col-sm-12 wpb_column vc_column_container\"><div class=\"vc_column-inner\"><div class=\"wpb_wrapper\"><div class=\"wpb_text_column\"><div class=\"wpb_wrapper\"><h3 style=\"text-align: center;\">\u201cThe pleasure of proposing glasses destined to last.\u201d<\/h3>\n<\/div><\/div><\/div><\/div><\/div><\/div><\/div><\/section><section class=\"l-section wpb_row height_medium\"><div class=\"l-section-h i-cf\"><div class=\"g-cols vc_row via_flex valign_top type_default stacking_default\"><div class=\"vc_col-sm-3\/5 wpb_column vc_column_container\"><div class=\"vc_column-inner\"><div class=\"wpb_wrapper\"><div class=\"wpb_text_column\"><div class=\"wpb_wrapper\"><h5><strong>Ottica Toni performs visual efficiency checks.<\/strong><\/h5>\n<h6>Contattoology study specializing in application of contact lenses for keratoconus, post transplantation, and orthochatology.<br \/>\n<\/span><span class=\"text_exposed_show\">Application of traditional soft-touch and gas-permeable lenses.<br \/>\n<\/span><\/h6>\n<h6><span class=\"text_exposed_show\">Spectacle experts, sunglasses and sports spectacles.<\/span><\/h6>\n<\/div><\/div><div class=\"w-separator size_medium\"><\/div><div class=\"g-cols wpb_row us_custom_824dfb4e via_flex valign_top type_default stacking_default\"><div class=\"vc_col-sm-12 wpb_column vc_column_container\"><div class=\"vc_column-inner\"><div class=\"wpb_wrapper\"><div class=\"wpb_text_column\"><div class=\"wpb_wrapper\"><h6><strong>Ottica Toni da 111 anni: \u201cNiente crisi se c\u2019\u00e8 passione\u201d<\/strong><\/h6>\n<p class=\"p1\"><em>Sfida alla crisi con la passione e la cura del legame con la tradizione, sempre tenendo un occhio al futuro. Era il 1907 quando Giuseppe Toni apr\u00ec a Lucca l\u2019ottica G&amp;G Toni (le due G stavano per Giuseppe e Giuseppina, la moglie) e ancora oggi, dopo 111 anni di storia, l\u2019<strong>Ottica Toni<\/strong>\u00a0rimane, nonostante la crisi, una delle insegne storiche e pi\u00f9 caratteristiche di via Fillungo.<br \/>\n<\/em><\/p>\n<p style=\"text-align: right;\">[Lucca in Diretta]<\/p>\n<\/div><\/div><div class=\"w-btn-wrapper align_none\"><a class=\"w-btn us-btn-style_1\" href=\"https:\/\/www.luccaindiretta.it\/?p=121402\"><span class=\"w-btn-label\">Read all<\/span><\/a><\/div><\/div><\/div><\/div><\/div><div class=\"w-separator size_small\"><\/div><div class=\"g-cols wpb_row us_custom_824dfb4e via_flex valign_top type_default stacking_default\"><div class=\"vc_col-sm-12 wpb_column vc_column_container\"><div class=\"vc_column-inner\"><div class=\"wpb_wrapper\"><div class=\"wpb_text_column\"><div class=\"wpb_wrapper\"><h6 class=\"p1\"><em><strong>OTTICA ITALIANA- 03\u00b72016<br \/>\n<\/strong><\/em><em><strong>Ottica Toni, nell\u2019ombelico di Lucca da 111 anni<\/strong><\/em><\/h6>\n<p class=\"p1\"><em>\u00c8 negli annuari storici delle attivit\u00e0 pi\u00f9 antiche della Toscana.<br \/>\nUn centro ottico di valore a cui, da tre generazioni, i lucchesi rivolgono per le problematiche visive, grazie alla passione, dedizione e professionalit\u00e0 della famiglia Toni.<\/em><\/p>\n<\/div><\/div><div class=\"w-btn-wrapper align_none\"><a class=\"w-btn us-btn-style_1\" target=\"_blank\" rel=\"nofollow\" href=\"http:\/\/www.otticatoni.it\/wp-content\/uploads\/2021\/12\/botteghe_storiche.pdf\"><span class=\"w-btn-label\">Go to .PDF<\/span><\/a><\/div><\/div><\/div><\/div><\/div><div class=\"w-separator size_small\"><\/div><div class=\"g-cols wpb_row us_custom_824dfb4e via_flex valign_top type_default stacking_default\"><div class=\"vc_col-sm-12 wpb_column vc_column_container\"><div class=\"vc_column-inner\"><div class=\"wpb_wrapper\"><div class=\"wpb_text_column\"><div class=\"wpb_wrapper\"><h6 class=\"p1\"><strong><i>Avere una storia \u00e8 una responsabilit\u00e0<\/i><\/strong><\/h6>\n<p class=\"p1\"><em>Da 111 anni Ottica Toni \u00e8 un punto di riferimento a Lucca tanto che l\u2019insegna compare negli annuari storici delle attivit\u00e0 pi\u00f9 antiche della Toscana.<\/em><\/p>\n<\/div><\/div><div class=\"w-btn-wrapper align_none\"><a class=\"w-btn us-btn-style_1\" target=\"_blank\" rel=\"nofollow\" href=\"http:\/\/www.otticatoni.it\/wp-content\/uploads\/2022\/01\/Ottica-Toni-storicita.pdf\"><span class=\"w-btn-label\">Go to .PDF<\/span><\/a><\/div><\/div><\/div><\/div><\/div><div class=\"w-separator size_small\"><\/div><div class=\"g-cols wpb_row us_custom_824dfb4e via_flex valign_top type_default stacking_default\"><div class=\"vc_col-sm-12 wpb_column vc_column_container\"><div class=\"vc_column-inner\"><div class=\"wpb_wrapper\"><div class=\"wpb_text_column\"><div class=\"wpb_wrapper\"><h6 class=\"p1\"><strong><i>L\u2019occhiale sportivo ha design e qualit\u00e0 idonei al nostro canale<\/i><\/strong><\/h6>\n<p class=\"p1\"><em>Titolare dell\u2019ottica di famiglia assieme alla sorella Marzia, ma anche allenatore di ciclismo e direttore sportivo di team professionali, Giuseppe Toni \u00e8 un antesignano nella vendita e consulenza del segmento sportivo.<\/em><\/p>\n<\/div><\/div><div class=\"w-btn-wrapper align_none\"><a class=\"w-btn us-btn-style_1\" target=\"_blank\" rel=\"nofollow\" href=\"http:\/\/www.otticatoni.it\/wp-content\/uploads\/2022\/01\/ottica-toni-sport.pdf\"><span class=\"w-btn-label\">Go to .PDF<\/span><\/a><\/div><\/div><\/div><\/div><\/div><\/div><\/div><\/div><div class=\"vc_col-sm-2\/5 wpb_column vc_column_container\"><div class=\"vc_column-inner\"><div class=\"wpb_wrapper\"><div class=\"w-grid type_grid layout_gallery_cropped cols_2 ratio_1x1\" id=\"us_grid_1\" style=\"--gap:0.8rem;\" data-filterable=\"true\"><style>@media (max-width:768px){#us_grid_1 .w-grid-list{margin:0}#us_grid_1 .w-grid-item{width:100%;padding:0;margin-bottom:var(--gap,0px)}}.layout_gallery_cropped .w-grid-item-h:before{padding-bottom:100%}@media (min-width:769px){.layout_gallery_cropped .w-grid-item.size_1x2 .w-grid-item-h:before{padding-bottom:calc(200% + var(--gap,0px) * 2)}.layout_gallery_cropped .w-grid-item.size_2x1 .w-grid-item-h:before{padding-bottom:calc(50% - var(--gap,0px) * 1)}.layout_gallery_cropped .w-grid-item.size_2x2 .w-grid-item-h:before{padding-bottom:calc(100% - var(--gap,0px) * 0)}}.layout_gallery_cropped .w-grid-item-h{}.layout_gallery_cropped .usg_post_image_1{position:absolute!important;left:0!important;top:0!important;bottom:0!important;right:0!important}<\/style><div class=\"w-grid-list\">\t<article class=\"w-grid-item size_1x1 post-538 attachment type-attachment status-inherit hentry\" data-id=\"538\">\r\n\t\t<div class=\"w-grid-item-h\">\r\n\t\t\t\t\t\t\t<a ref=\"magnificPopupGrid\" href=\"https:\/\/www.otticatoni.it\/wp-content\/uploads\/2023\/04\/Unknown.jpeg\" class=\"w-grid-item-anchor\" aria-label=\"Ottica Toni\" title=\"Ottica Toni\"><\/a>\r\n\t\t\t\t\t\t<div class=\"w-post-elm post_image usg_post_image_1 stretched\"><img loading=\"lazy\" decoding=\"async\" width=\"600\" height=\"800\" src=\"https:\/\/www.otticatoni.it\/wp-content\/uploads\/2023\/04\/Unknown-600x800.jpeg\" class=\"attachment-woocommerce_single size-woocommerce_single\" alt=\"\" srcset=\"https:\/\/www.otticatoni.it\/wp-content\/uploads\/2023\/04\/Unknown-600x800.jpeg 600w, https:\/\/www.otticatoni.it\/wp-content\/uploads\/2023\/04\/Unknown-225x300.jpeg 225w, https:\/\/www.otticatoni.it\/wp-content\/uploads\/2023\/04\/Unknown-165x220.jpeg 165w, https:\/\/www.otticatoni.it\/wp-content\/uploads\/2023\/04\/Unknown-113x150.jpeg 113w, https:\/\/www.otticatoni.it\/wp-content\/uploads\/2023\/04\/Unknown.jpeg 750w\" sizes=\"auto, (max-width: 600px) 100vw, 600px\" \/><\/div>\t\t<\/div>\r\n\t\t\t<\/article>\r\n\t<article class=\"w-grid-item size_1x1 post-537 attachment type-attachment status-inherit hentry\" data-id=\"537\">\r\n\t\t<div class=\"w-grid-item-h\">\r\n\t\t\t\t\t\t\t<a ref=\"magnificPopupGrid\" href=\"https:\/\/www.otticatoni.it\/wp-content\/uploads\/2023\/04\/Unknown-3.jpeg\" class=\"w-grid-item-anchor\" aria-label=\"Interno negozio\" title=\"Interno negozio\"><\/a>\r\n\t\t\t\t\t\t<div class=\"w-post-elm post_image usg_post_image_1 stretched\"><img loading=\"lazy\" decoding=\"async\" width=\"600\" height=\"450\" src=\"https:\/\/www.otticatoni.it\/wp-content\/uploads\/2023\/04\/Unknown-3-600x450.jpeg\" class=\"attachment-woocommerce_single size-woocommerce_single\" alt=\"\" srcset=\"https:\/\/www.otticatoni.it\/wp-content\/uploads\/2023\/04\/Unknown-3-600x450.jpeg 600w, https:\/\/www.otticatoni.it\/wp-content\/uploads\/2023\/04\/Unknown-3-300x225.jpeg 300w, https:\/\/www.otticatoni.it\/wp-content\/uploads\/2023\/04\/Unknown-3-220x165.jpeg 220w, https:\/\/www.otticatoni.it\/wp-content\/uploads\/2023\/04\/Unknown-3-150x113.jpeg 150w, https:\/\/www.otticatoni.it\/wp-content\/uploads\/2023\/04\/Unknown-3.jpeg 1000w\" sizes=\"auto, (max-width: 600px) 100vw, 600px\" \/><\/div>\t\t<\/div>\r\n\t\t\t<\/article>\r\n\t<article class=\"w-grid-item size_1x1 post-536 attachment type-attachment status-inherit hentry\" data-id=\"536\">\r\n\t\t<div class=\"w-grid-item-h\">\r\n\t\t\t\t\t\t\t<a ref=\"magnificPopupGrid\" href=\"https:\/\/www.otticatoni.it\/wp-content\/uploads\/2023\/04\/Unknown-2.jpeg\" class=\"w-grid-item-anchor\" aria-label=\"Ingresso negozio\" title=\"Ingresso negozio\"><\/a>\r\n\t\t\t\t\t\t<div class=\"w-post-elm post_image usg_post_image_1 stretched\"><img loading=\"lazy\" decoding=\"async\" width=\"600\" height=\"450\" src=\"https:\/\/www.otticatoni.it\/wp-content\/uploads\/2023\/04\/Unknown-2-600x450.jpeg\" class=\"attachment-woocommerce_single size-woocommerce_single\" alt=\"\" srcset=\"https:\/\/www.otticatoni.it\/wp-content\/uploads\/2023\/04\/Unknown-2-600x450.jpeg 600w, https:\/\/www.otticatoni.it\/wp-content\/uploads\/2023\/04\/Unknown-2-300x225.jpeg 300w, https:\/\/www.otticatoni.it\/wp-content\/uploads\/2023\/04\/Unknown-2-220x165.jpeg 220w, https:\/\/www.otticatoni.it\/wp-content\/uploads\/2023\/04\/Unknown-2-150x113.jpeg 150w, https:\/\/www.otticatoni.it\/wp-content\/uploads\/2023\/04\/Unknown-2.jpeg 1000w\" sizes=\"auto, (max-width: 600px) 100vw, 600px\" \/><\/div>\t\t<\/div>\r\n\t\t\t<\/article>\r\n\t<article class=\"w-grid-item size_1x1 post-535 attachment type-attachment status-inherit hentry\" data-id=\"535\">\r\n\t\t<div class=\"w-grid-item-h\">\r\n\t\t\t\t\t\t\t<a ref=\"magnificPopupGrid\" href=\"https:\/\/www.otticatoni.it\/wp-content\/uploads\/2023\/04\/Unknown-1.jpeg\" class=\"w-grid-item-anchor\" aria-label=\"Vetrina esterna\" title=\"Vetrina esterna\"><\/a>\r\n\t\t\t\t\t\t<div class=\"w-post-elm post_image usg_post_image_1 stretched\"><img loading=\"lazy\" decoding=\"async\" width=\"600\" height=\"800\" src=\"https:\/\/www.otticatoni.it\/wp-content\/uploads\/2023\/04\/Unknown-1-600x800.jpeg\" class=\"attachment-woocommerce_single size-woocommerce_single\" alt=\"\" srcset=\"https:\/\/www.otticatoni.it\/wp-content\/uploads\/2023\/04\/Unknown-1-600x800.jpeg 600w, https:\/\/www.otticatoni.it\/wp-content\/uploads\/2023\/04\/Unknown-1-225x300.jpeg 225w, https:\/\/www.otticatoni.it\/wp-content\/uploads\/2023\/04\/Unknown-1-165x220.jpeg 165w, https:\/\/www.otticatoni.it\/wp-content\/uploads\/2023\/04\/Unknown-1-113x150.jpeg 113w, https:\/\/www.otticatoni.it\/wp-content\/uploads\/2023\/04\/Unknown-1.jpeg 750w\" sizes=\"auto, (max-width: 600px) 100vw, 600px\" \/><\/div>\t\t<\/div>\r\n\t\t\t<\/article>\r\n<\/div><div class=\"w-grid-preloader\">\t<div class=\"g-preloader type_1\">\r\n\t\t<div><\/div>\r\n\t<\/div>\r\n\t<\/div>\t<div class=\"w-grid-json hidden\" onclick='return {&quot;action&quot;:&quot;us_ajax_grid&quot;,&quot;infinite_scroll&quot;:0,&quot;max_num_pages&quot;:1,&quot;pagination&quot;:&quot;none&quot;,&quot;template_vars&quot;:{&quot;columns&quot;:&quot;2&quot;,&quot;exclude_items&quot;:&quot;none&quot;,&quot;img_size&quot;:&quot;woocommerce_single&quot;,&quot;ignore_items_size&quot;:0,&quot;items_layout&quot;:&quot;gallery_cropped&quot;,&quot;items_offset&quot;:&quot;1&quot;,&quot;load_animation&quot;:&quot;none&quot;,&quot;overriding_link&quot;:&quot;%7B%22type%22%3A%22popup_image%22%7D&quot;,&quot;post_id&quot;:0,&quot;query_args&quot;:{&quot;post_type&quot;:[&quot;attachment&quot;],&quot;post__in&quot;:[&quot;350&quot;,&quot;349&quot;,&quot;348&quot;,&quot;347&quot;],&quot;post_status&quot;:&quot;inherit&quot;,&quot;post_mime_type&quot;:&quot;image&quot;,&quot;posts_per_page&quot;:&quot;10&quot;},&quot;orderby_query_args&quot;:{&quot;orderby&quot;:{&quot;date&quot;:&quot;DESC&quot;}},&quot;type&quot;:&quot;grid&quot;,&quot;us_grid_post_type&quot;:&quot;attachment&quot;,&quot;us_grid_ajax_index&quot;:1,&quot;us_grid_filter_query_string&quot;:null,&quot;us_grid_index&quot;:1,&quot;page_args&quot;:[],&quot;lang&quot;:&quot;en&quot;}}'><\/div>\r\n\t<\/div><\/div><\/div><\/div><\/div><\/div><\/section>\n","protected":false},"excerpt":{"rendered":"","protected":false},"author":1,"featured_media":0,"parent":0,"menu_order":0,"comment_status":"closed","ping_status":"closed","template":"","meta":{"_acf_changed":false,"footnotes":""},"class_list":["post-571","page","type-page","status-publish","hentry"],"acf":[],"yoast_head":"<!-- This site is optimized with the Yoast SEO plugin v23.0 - https:\/\/yoast.com\/wordpress\/plugins\/seo\/ -->\n<title>About us - OTTICA TONI<\/title>\n<meta name=\"robots\" content=\"index, follow, max-snippet:-1, max-image-preview:large, max-video-preview:-1\" \/>\n<link rel=\"canonical\" href=\"https:\/\/www.otticatoni.it\/en\/about-us\/\" \/>\n<meta property=\"og:locale\" content=\"en_US\" \/>\n<meta property=\"og:type\" content=\"article\" \/>\n<meta property=\"og:title\" content=\"About us - OTTICA TONI\" \/>\n<meta property=\"og:url\" content=\"https:\/\/www.otticatoni.it\/en\/about-us\/\" \/>\n<meta property=\"og:site_name\" content=\"OTTICA TONI\" \/>\n<meta property=\"article:publisher\" content=\"https:\/\/www.facebook.com\/otticatoni\/\" \/>\n<meta property=\"article:modified_time\" content=\"2023-04-04T09:21:29+00:00\" \/>\n<meta name=\"twitter:card\" content=\"summary_large_image\" \/>\n<meta name=\"twitter:label1\" content=\"Est. reading time\" \/>\n\t<meta name=\"twitter:data1\" content=\"3 minutes\" \/>\n<script type=\"application\/ld+json\" class=\"yoast-schema-graph\">{\"@context\":\"https:\/\/schema.org\",\"@graph\":[{\"@type\":\"WebPage\",\"@id\":\"https:\/\/www.otticatoni.it\/en\/about-us\/\",\"url\":\"https:\/\/www.otticatoni.it\/en\/about-us\/\",\"name\":\"About us - OTTICA TONI\",\"isPartOf\":{\"@id\":\"https:\/\/www.otticatoni.it\/#website\"},\"datePublished\":\"2021-12-27T14:39:35+00:00\",\"dateModified\":\"2023-04-04T09:21:29+00:00\",\"breadcrumb\":{\"@id\":\"https:\/\/www.otticatoni.it\/en\/about-us\/#breadcrumb\"},\"inLanguage\":\"en-US\",\"potentialAction\":[{\"@type\":\"ReadAction\",\"target\":[\"https:\/\/www.otticatoni.it\/en\/about-us\/\"]}]},{\"@type\":\"BreadcrumbList\",\"@id\":\"https:\/\/www.otticatoni.it\/en\/about-us\/#breadcrumb\",\"itemListElement\":[{\"@type\":\"ListItem\",\"position\":1,\"name\":\"Home\",\"item\":\"https:\/\/www.otticatoni.it\/en\/home\/\"},{\"@type\":\"ListItem\",\"position\":2,\"name\":\"About us\"}]},{\"@type\":\"WebSite\",\"@id\":\"https:\/\/www.otticatoni.it\/#website\",\"url\":\"https:\/\/www.otticatoni.it\/\",\"name\":\"OTTICA TONI\",\"description\":\"Il negozio di ottica a Lucca\",\"publisher\":{\"@id\":\"https:\/\/www.otticatoni.it\/#organization\"},\"potentialAction\":[{\"@type\":\"SearchAction\",\"target\":{\"@type\":\"EntryPoint\",\"urlTemplate\":\"https:\/\/www.otticatoni.it\/?s={search_term_string}\"},\"query-input\":\"required name=search_term_string\"}],\"inLanguage\":\"en-US\"},{\"@type\":\"Organization\",\"@id\":\"https:\/\/www.otticatoni.it\/#organization\",\"name\":\"OTTICA TONI\",\"url\":\"https:\/\/www.otticatoni.it\/\",\"logo\":{\"@type\":\"ImageObject\",\"inLanguage\":\"en-US\",\"@id\":\"https:\/\/www.otticatoni.it\/#\/schema\/logo\/image\/\",\"url\":\"https:\/\/www.otticatoni.it\/wp-content\/uploads\/2021\/12\/logo-ottica-toni2.png\",\"contentUrl\":\"https:\/\/www.otticatoni.it\/wp-content\/uploads\/2021\/12\/logo-ottica-toni2.png\",\"width\":200,\"height\":80,\"caption\":\"OTTICA TONI\"},\"image\":{\"@id\":\"https:\/\/www.otticatoni.it\/#\/schema\/logo\/image\/\"},\"sameAs\":[\"https:\/\/www.facebook.com\/otticatoni\/\",\"https:\/\/www.instagram.com\/otticatoni\/\"]}]}<\/script>\n<!-- \/ Yoast SEO plugin. -->","yoast_head_json":{"title":"About us - OTTICA TONI","robots":{"index":"index","follow":"follow","max-snippet":"max-snippet:-1","max-image-preview":"max-image-preview:large","max-video-preview":"max-video-preview:-1"},"canonical":"https:\/\/www.otticatoni.it\/en\/about-us\/","og_locale":"en_US","og_type":"article","og_title":"About us - OTTICA TONI","og_url":"https:\/\/www.otticatoni.it\/en\/about-us\/","og_site_name":"OTTICA TONI","article_publisher":"https:\/\/www.facebook.com\/otticatoni\/","article_modified_time":"2023-04-04T09:21:29+00:00","twitter_card":"summary_large_image","twitter_misc":{"Est. reading time":"3 minutes"},"schema":{"@context":"https:\/\/schema.org","@graph":[{"@type":"WebPage","@id":"https:\/\/www.otticatoni.it\/en\/about-us\/","url":"https:\/\/www.otticatoni.it\/en\/about-us\/","name":"About us - OTTICA TONI","isPartOf":{"@id":"https:\/\/www.otticatoni.it\/#website"},"datePublished":"2021-12-27T14:39:35+00:00","dateModified":"2023-04-04T09:21:29+00:00","breadcrumb":{"@id":"https:\/\/www.otticatoni.it\/en\/about-us\/#breadcrumb"},"inLanguage":"en-US","potentialAction":[{"@type":"ReadAction","target":["https:\/\/www.otticatoni.it\/en\/about-us\/"]}]},{"@type":"BreadcrumbList","@id":"https:\/\/www.otticatoni.it\/en\/about-us\/#breadcrumb","itemListElement":[{"@type":"ListItem","position":1,"name":"Home","item":"https:\/\/www.otticatoni.it\/en\/home\/"},{"@type":"ListItem","position":2,"name":"About us"}]},{"@type":"WebSite","@id":"https:\/\/www.otticatoni.it\/#website","url":"https:\/\/www.otticatoni.it\/","name":"OTTICA TONI","description":"Il negozio di ottica a Lucca","publisher":{"@id":"https:\/\/www.otticatoni.it\/#organization"},"potentialAction":[{"@type":"SearchAction","target":{"@type":"EntryPoint","urlTemplate":"https:\/\/www.otticatoni.it\/?s={search_term_string}"},"query-input":"required name=search_term_string"}],"inLanguage":"en-US"},{"@type":"Organization","@id":"https:\/\/www.otticatoni.it\/#organization","name":"OTTICA TONI","url":"https:\/\/www.otticatoni.it\/","logo":{"@type":"ImageObject","inLanguage":"en-US","@id":"https:\/\/www.otticatoni.it\/#\/schema\/logo\/image\/","url":"https:\/\/www.otticatoni.it\/wp-content\/uploads\/2021\/12\/logo-ottica-toni2.png","contentUrl":"https:\/\/www.otticatoni.it\/wp-content\/uploads\/2021\/12\/logo-ottica-toni2.png","width":200,"height":80,"caption":"OTTICA TONI"},"image":{"@id":"https:\/\/www.otticatoni.it\/#\/schema\/logo\/image\/"},"sameAs":["https:\/\/www.facebook.com\/otticatoni\/","https:\/\/www.instagram.com\/otticatoni\/"]}]}},"_links":{"self":[{"href":"https:\/\/www.otticatoni.it\/en\/wp-json\/wp\/v2\/pages\/571","targetHints":{"allow":["GET"]}}],"collection":[{"href":"https:\/\/www.otticatoni.it\/en\/wp-json\/wp\/v2\/pages"}],"about":[{"href":"https:\/\/www.otticatoni.it\/en\/wp-json\/wp\/v2\/types\/page"}],"author":[{"embeddable":true,"href":"https:\/\/www.otticatoni.it\/en\/wp-json\/wp\/v2\/users\/1"}],"replies":[{"embeddable":true,"href":"https:\/\/www.otticatoni.it\/en\/wp-json\/wp\/v2\/comments?post=571"}],"version-history":[{"count":2,"href":"https:\/\/www.otticatoni.it\/en\/wp-json\/wp\/v2\/pages\/571\/revisions"}],"predecessor-version":[{"id":573,"href":"https:\/\/www.otticatoni.it\/en\/wp-json\/wp\/v2\/pages\/571\/revisions\/573"}],"wp:attachment":[{"href":"https:\/\/www.otticatoni.it\/en\/wp-json\/wp\/v2\/media?parent=571"}],"curies":[{"name":"wp","href":"https:\/\/api.w.org\/{rel}","templated":true}]}}